{"id":50294,"date":"2022-01-04T19:07:07","date_gmt":"2022-01-04T19:07:07","guid":{"rendered":"http:\/\/fondationenfantjeunesse.org\/annual-reports\/"},"modified":"2024-10-04T14:29:29","modified_gmt":"2024-10-04T14:29:29","slug":"rapports-annuels","status":"publish","type":"page","link":"https:\/\/fondationenfantjeunesse.org\/fr\/rapports-annuels\/","title":{"rendered":"Rapports annuels"},"content":{"rendered":"<p>[et_pb_section fb_built=\u00a0\u00bb1&Prime; fullwidth=\u00a0\u00bbon\u00a0\u00bb _builder_version=\u00a0\u00bb4.16&Prime; _module_preset=\u00a0\u00bbdefault\u00a0\u00bb background_image=\u00a0\u00bbhttp:\/\/fondationenfantjeunesse.org\/wp-content\/uploads\/IMG_0104.jpg\u00a0\u00bb da_disable_devices=\u00a0\u00bboff|off|off\u00a0\u00bb locked=\u00a0\u00bboff\u00a0\u00bb global_colors_info=\u00a0\u00bb{}\u00a0\u00bb da_is_popup=\u00a0\u00bboff\u00a0\u00bb da_exit_intent=\u00a0\u00bboff\u00a0\u00bb da_has_close=\u00a0\u00bbon\u00a0\u00bb da_alt_close=\u00a0\u00bboff\u00a0\u00bb da_dark_close=\u00a0\u00bboff\u00a0\u00bb da_not_modal=\u00a0\u00bbon\u00a0\u00bb da_is_singular=\u00a0\u00bboff\u00a0\u00bb da_with_loader=\u00a0\u00bboff\u00a0\u00bb da_has_shadow=\u00a0\u00bbon\u00a0\u00bb][et_pb_fullwidth_header title=\u00a0\u00bb@ET-DC@eyJkeW5hbWljIjp0cnVlLCJjb250ZW50IjoicG9zdF90aXRsZSIsInNldHRpbmdzIjp7ImJlZm9yZSI6IiIsImFmdGVyIjoiIn19@\u00a0\u00bb header_fullscreen=\u00a0\u00bbon\u00a0\u00bb _builder_version=\u00a0\u00bb4.16&Prime; _dynamic_attributes=\u00a0\u00bbtitle\u00a0\u00bb _module_preset=\u00a0\u00bbdefault\u00a0\u00bb title_text_align=\u00a0\u00bbcenter\u00a0\u00bb title_font_size=\u00a0\u00bb60px\u00a0\u00bb background_color=\u00a0\u00bbrgba(0,0,0,0.5)\u00a0\u00bb background_enable_image=\u00a0\u00bboff\u00a0\u00bb title_text_shadow_style=\u00a0\u00bbpreset2&Prime; global_colors_info=\u00a0\u00bb{}\u00a0\u00bb][\/et_pb_fullwidth_header][\/et_pb_section][et_pb_section fb_built=\u00a0\u00bb1&Prime; _builder_version=\u00a0\u00bb4.16&Prime; _module_preset=\u00a0\u00bbdefault\u00a0\u00bb custom_padding=\u00a0\u00bb||0px|||\u00a0\u00bb da_disable_devices=\u00a0\u00bboff|off|off\u00a0\u00bb global_colors_info=\u00a0\u00bb{}\u00a0\u00bb da_is_popup=\u00a0\u00bboff\u00a0\u00bb da_exit_intent=\u00a0\u00bboff\u00a0\u00bb da_has_close=\u00a0\u00bbon\u00a0\u00bb da_alt_close=\u00a0\u00bboff\u00a0\u00bb da_dark_close=\u00a0\u00bboff\u00a0\u00bb da_not_modal=\u00a0\u00bbon\u00a0\u00bb da_is_singular=\u00a0\u00bboff\u00a0\u00bb da_with_loader=\u00a0\u00bboff\u00a0\u00bb da_has_shadow=\u00a0\u00bbon\u00a0\u00bb][et_pb_row _builder_version=\u00a0\u00bb4.16&Prime; _module_preset=\u00a0\u00bbdefault\u00a0\u00bb global_colors_info=\u00a0\u00bb{}\u00a0\u00bb][et_pb_column type=\u00a0\u00bb4_4&Prime; _builder_version=\u00a0\u00bb4.16&Prime; _module_preset=\u00a0\u00bbdefault\u00a0\u00bb global_colors_info=\u00a0\u00bb{}\u00a0\u00bb][et_pb_text _builder_version=\u00a0\u00bb4.27.2&Prime; _module_preset=\u00a0\u00bbdefault\u00a0\u00bb hover_enabled=\u00a0\u00bb0&Prime; global_colors_info=\u00a0\u00bb{}\u00a0\u00bb sticky_enabled=\u00a0\u00bb0&Prime; custom_margin=\u00a0\u00bb||1px|||\u00a0\u00bb]<\/p>\n<ul>\n<li><a href=\"\/wp-content\/uploads\/FEJ-Annual-Report-2021-final-design.pdf\" target=\"_blank\" rel=\"noopener\">FEJ-2021 Rapport Annuel<\/a><\/li>\n<li><a href=\"https:\/\/drive.google.com\/file\/d\/1CNzPmGegUWjfS4j2zIt6n4xgaBjpH-S7\/view?usp=share_link\" target=\"_blank\" rel=\"noopener\">FEJ-2020 Rapport Annuel<\/a><\/li>\n<li><a href=\"https:\/\/drive.google.com\/file\/d\/1CPWVsmrJLGkQ_DjW7vDtgPyvqEy3XoNY\/view?usp=share_link\" target=\"_blank\" rel=\"noopener\">FEJ-2019 Rapport Annuel<\/a><\/li>\n<li><a href=\"https:\/\/drive.google.com\/file\/d\/1CPaP65XXUDP8QoBsMLNbyN4p32bhbzwN\/view?usp=share_link\" target=\"_blank\" rel=\"noopener\">FEJ-2018 Rapport Annuel<\/a><\/li>\n<li><a href=\"https:\/\/drive.google.com\/file\/d\/1CZVtvXRx3HcOU3HIiaMnqxgThwp_Y9Ck\/view?usp=share_link\" target=\"_blank\" rel=\"noopener\">FEJ-2017 Rapport Annuel<\/a><\/li>\n<\/ul>\n<p>[\/et_pb_text][et_pb_text _builder_version=\u00a0\u00bb4.27.2&Prime; _module_preset=\u00a0\u00bbdefault\u00a0\u00bb hover_enabled=\u00a0\u00bb0&Prime; global_colors_info=\u00a0\u00bb{}\u00a0\u00bb sticky_enabled=\u00a0\u00bb0&Prime;]<\/p>\n<ul>\n<li><a href=\"https:\/\/drive.google.com\/file\/d\/1Ce4fR8wDMAFo2YNn8rwU6ZKvo-RVzAPn\/view?usp=share_link\" target=\"_blank\" rel=\"noopener\"><\/a><a href=\"https:\/\/drive.google.com\/file\/d\/1Ce4fR8wDMAFo2YNn8rwU6ZKvo-RVzAPn\/view?usp=share_link\" target=\"_blank\" rel=\"noopener\">FEJ-2016 Rapport Annuel<\/a><\/li>\n<li><a href=\"https:\/\/drive.google.com\/file\/d\/1CgWI-_z5pxFpYABPvvkVwvHW-xoD-5qp\/view?usp=share_link\" target=\"_blank\" rel=\"noopener\"><\/a><a href=\"https:\/\/drive.google.com\/file\/d\/1CgWI-_z5pxFpYABPvvkVwvHW-xoD-5qp\/view?usp=share_link\" target=\"_blank\" rel=\"noopener\">FEJ-2015 Rapport Annuel<\/a><\/li>\n<li><a href=\"https:\/\/drive.google.com\/file\/d\/1CjUzyGGigNwgY4CYmiiPJjwfAJOxxD0r\/view?usp=share_link\" target=\"_blank\" rel=\"noopener\"><\/a><a href=\"https:\/\/drive.google.com\/file\/d\/1CjUzyGGigNwgY4CYmiiPJjwfAJOxxD0r\/view?usp=share_link\" target=\"_blank\" rel=\"noopener\">FEJ-2014 Rapport Annuel<\/a><\/li>\n<li><a href=\"https:\/\/drive.google.com\/file\/d\/1CoS2zmDE7MgQ3UrbfJ3-_9o2iw1AOHHy\/view?usp=share_link\" target=\"_blank\" rel=\"noopener\"><\/a><a href=\"https:\/\/drive.google.com\/file\/d\/1CoS2zmDE7MgQ3UrbfJ3-_9o2iw1AOHHy\/view?usp=share_link\" target=\"_blank\" rel=\"noopener\">FEJ-2013 Rapport Annuel<\/a><\/li>\n<li><a href=\"https:\/\/drive.google.com\/file\/d\/1Cqs2dzj_n8ie4V418_Exl2_PcMlHF5d1\/view?usp=share_link\" target=\"_blank\" rel=\"noopener\"><\/a><a href=\"https:\/\/drive.google.com\/file\/d\/1Cqs2dzj_n8ie4V418_Exl2_PcMlHF5d1\/view?usp=share_link\" target=\"_blank\" rel=\"noopener\">FEJ-2012 Rapport Annuel<\/a><\/li>\n<\/ul>\n<p>[\/et_pb_text][\/et_pb_column][\/et_pb_row][\/et_pb_section][et_pb_section fb_built=\u00a0\u00bb1&Prime; _builder_version=\u00a0\u00bb4.16&Prime; _module_preset=\u00a0\u00bbdefault\u00a0\u00bb custom_padding=\u00a0\u00bb0px|||||\u00a0\u00bb da_disable_devices=\u00a0\u00bboff|off|off\u00a0\u00bb global_colors_info=\u00a0\u00bb{}\u00a0\u00bb da_is_popup=\u00a0\u00bboff\u00a0\u00bb da_exit_intent=\u00a0\u00bboff\u00a0\u00bb da_has_close=\u00a0\u00bbon\u00a0\u00bb da_alt_close=\u00a0\u00bboff\u00a0\u00bb da_dark_close=\u00a0\u00bboff\u00a0\u00bb da_not_modal=\u00a0\u00bbon\u00a0\u00bb da_is_singular=\u00a0\u00bboff\u00a0\u00bb da_with_loader=\u00a0\u00bboff\u00a0\u00bb da_has_shadow=\u00a0\u00bbon\u00a0\u00bb][et_pb_row _builder_version=\u00a0\u00bb4.16&Prime; _module_preset=\u00a0\u00bbdefault\u00a0\u00bb global_colors_info=\u00a0\u00bb{}\u00a0\u00bb][et_pb_column type=\u00a0\u00bb4_4&Prime; _builder_version=\u00a0\u00bb4.16&Prime; _module_preset=\u00a0\u00bbdefault\u00a0\u00bb global_colors_info=\u00a0\u00bb{}\u00a0\u00bb][et_pb_text _builder_version=\u00a0\u00bb4.27.0&Prime; _module_preset=\u00a0\u00bbdefault\u00a0\u00bb header_text_align=\u00a0\u00bbcenter\u00a0\u00bb global_colors_info=\u00a0\u00bb{}\u00a0\u00bb]<\/p>\n<h1>Bulletins d&rsquo;information<\/h1>\n<p>[\/et_pb_text][\/et_pb_column][\/et_pb_row][et_pb_row _builder_version=\u00a0\u00bb4.27.0&Prime; _module_preset=\u00a0\u00bbdefault\u00a0\u00bb global_colors_info=\u00a0\u00bb{}\u00a0\u00bb custom_padding=\u00a0\u00bb0px|||||\u00a0\u00bb][et_pb_column type=\u00a0\u00bb4_4&Prime; _builder_version=\u00a0\u00bb4.16&Prime; _module_preset=\u00a0\u00bbdefault\u00a0\u00bb global_colors_info=\u00a0\u00bb{}\u00a0\u00bb][et_pb_text _builder_version=\u00a0\u00bb4.27.2&Prime; _module_preset=\u00a0\u00bbdefault\u00a0\u00bb hover_enabled=\u00a0\u00bb0&Prime; global_colors_info=\u00a0\u00bb{}\u00a0\u00bb sticky_enabled=\u00a0\u00bb0&Prime;]<\/p>\n<ul>\n<li><a href=\"https:\/\/mailchi.mp\/ce2a20836fb2\/april-updates-from-fej-2129201\" target=\"_blank\" rel=\"noopener\"><\/a><a href=\"https:\/\/mailchi.mp\/ce2a20836fb2\/april-updates-from-fej-2129201\" target=\"_blank\" rel=\"noopener\">Automne 2019<\/a><\/li>\n<li><a href=\"https:\/\/mailchi.mp\/159915dec2b4\/april-updates-from-fej-1740705\" target=\"_blank\" rel=\"noopener\"><\/a><a href=\"https:\/\/mailchi.mp\/159915dec2b4\/april-updates-from-fej-1740705\" target=\"_blank\" rel=\"noopener\">Hiver\/Printemps 2019<\/a><\/li>\n<li><a href=\"https:\/\/mailchi.mp\/159915dec2b4\/april-updates-from-fej-1740705\" target=\"_blank\" rel=\"noopener\"><\/a><a href=\"https:\/\/mailchi.mp\/159915dec2b4\/april-updates-from-fej-1740705\" target=\"_blank\" rel=\"noopener\">Automne 2018<\/a><\/li>\n<li><a href=\"https:\/\/mailchi.mp\/eff56443cc14\/april-updates-from-fej-1661525\" target=\"_blank\" rel=\"noopener\"><\/a><a href=\"https:\/\/mailchi.mp\/eff56443cc14\/april-updates-from-fej-1661525\">Printemps 2018<\/a><\/li>\n<li><a href=\"https:\/\/mailchi.mp\/2cd826bbc16f\/april-updates-from-fej-1361841\" target=\"_blank\" rel=\"noopener\"><\/a><a href=\"https:\/\/mailchi.mp\/2cd826bbc16f\/april-updates-from-fej-1361841\" target=\"_blank\" rel=\"noopener\">Hiver 2017<\/a><\/li>\n<li><a href=\"https:\/\/mailchi.mp\/4c01d531a43f\/april-updates-from-fej-1127026\" target=\"_blank\" rel=\"noopener\"><\/a><a href=\"https:\/\/mailchi.mp\/4c01d531a43f\/april-updates-from-fej-1127026\" target=\"_blank\" rel=\"noopener\">\u00c9t\u00e9 2017<\/a><\/li>\n<\/ul>\n<p>[\/et_pb_text][et_pb_text _builder_version=\u00a0\u00bb4.27.2&Prime; _module_preset=\u00a0\u00bbdefault\u00a0\u00bb hover_enabled=\u00a0\u00bb0&Prime; global_colors_info=\u00a0\u00bb{}\u00a0\u00bb sticky_enabled=\u00a0\u00bb0&Prime;]<\/p>\n<ul>\n<li><a href=\"http:\/\/mailchi.mp\/298b36e679fa\/april-updates-from-fej\" target=\"_blank\" rel=\"noopener\"><\/a><a href=\"http:\/\/mailchi.mp\/298b36e679fa\/april-updates-from-fej\" target=\"_blank\" rel=\"noopener\">Printemps 2017<\/a><\/li>\n<li><a href=\"http:\/\/us13.campaign-archive1.com\/?u=6d9cf3345cb7deb2f837698d2&amp;id=711ffdda99\" target=\"_blank\" rel=\"noopener\"><\/a><a href=\"http:\/\/us13.campaign-archive1.com\/?u=6d9cf3345cb7deb2f837698d2&amp;id=711ffdda99\" target=\"_blank\" rel=\"noopener\">Hiver 2016<\/a><\/li>\n<li><a href=\"http:\/\/us13.campaign-archive1.com\/?u=6d9cf3345cb7deb2f837698d2&amp;id=711ffdda99\" target=\"_blank\" rel=\"noopener\"><\/a><a href=\"http:\/\/us13.campaign-archive1.com\/?u=6d9cf3345cb7deb2f837698d2&amp;id=452dc9fb4c\" target=\"_blank\" rel=\"noopener\"><\/a><a href=\"http:\/\/us13.campaign-archive1.com\/?u=6d9cf3345cb7deb2f837698d2&amp;id=452dc9fb4c\" target=\"_blank\" rel=\"noopener\">Octobre 2016 &#8211; L&rsquo;ouragan Matthew<\/a><\/li>\n<li><a href=\"http:\/\/us13.campaign-archive1.com\/?u=6d9cf3345cb7deb2f837698d2&amp;id=452dc9fb4c\" target=\"_blank\" rel=\"noopener\"><\/a><a href=\"http:\/\/us13.campaign-archive2.com\/?u=6d9cf3345cb7deb2f837698d2&amp;id=1eeb648a5e\" target=\"_blank\" rel=\"noopener\"><\/a><a href=\"http:\/\/us13.campaign-archive2.com\/?u=6d9cf3345cb7deb2f837698d2&amp;id=1eeb648a5e\" target=\"_blank\" rel=\"noopener\">\u00c9t\u00e9 2016<\/a><\/li>\n<li><a href=\"http:\/\/us13.campaign-archive2.com\/?u=6d9cf3345cb7deb2f837698d2&amp;id=1eeb648a5e\" target=\"_blank\" rel=\"noopener\"><\/a><a href=\"http:\/\/us13.campaign-archive1.com\/?u=6d9cf3345cb7deb2f837698d2&amp;id=7922374564\" target=\"_blank\" rel=\"noopener\"><\/a><a href=\"http:\/\/us13.campaign-archive1.com\/?u=6d9cf3345cb7deb2f837698d2&amp;id=7922374564\" target=\"_blank\" rel=\"noopener\">Printemps 2016<\/a><\/li>\n<li><a href=\"http:\/\/us13.campaign-archive1.com\/?u=6d9cf3345cb7deb2f837698d2&amp;id=7922374564\" target=\"_blank\" rel=\"noopener\"><\/a><a href=\"http:\/\/fondationenfantjeunesse.org\/s\/FEJ_newsletter_summer_2015.pdf\"><\/a><a href=\"http:\/\/fondationenfantjeunesse.org\/s\/FEJ_newsletter_summer_2015.pdf\" target=\"_blank\" rel=\"noopener\">\u00c9t\u00e9 2015<\/a><\/li>\n<\/ul>\n<p>[\/et_pb_text][et_pb_text _builder_version=\u00a0\u00bb4.27.2&Prime; _module_preset=\u00a0\u00bbdefault\u00a0\u00bb hover_enabled=\u00a0\u00bb0&Prime; global_colors_info=\u00a0\u00bb{}\u00a0\u00bb sticky_enabled=\u00a0\u00bb0&Prime;]<\/p>\n<ul>\n<li><a href=\"http:\/\/fondationenfantjeunesse.org\/s\/FEJ_newsletter_spring_2015.pdf\"><\/a><a href=\"http:\/\/fondationenfantjeunesse.org\/s\/FEJ_newsletter_spring_2015.pdf\" target=\"_blank\" rel=\"noopener\">Printemps 2015<\/a><\/li>\n<li><a href=\"http:\/\/fondationenfantjeunesse.org\/s\/FEJ_newsletter_summer_2014.pdf\"><\/a><a href=\"http:\/\/fondationenfantjeunesse.org\/s\/FEJ_newsletter_summer_2014.pdf\" target=\"_blank\" rel=\"noopener\">\u00c9t\u00e9 2014<\/a><\/li>\n<li><a href=\"http:\/\/fondationenfantjeunesse.org\/s\/FEJ_newsletter_spring_2014.pdf\"><\/a><a href=\"http:\/\/fondationenfantjeunesse.org\/s\/FEJ_newsletter_spring_2014.pdf\" target=\"_blank\" rel=\"noopener\">Printemps 2014<\/a><\/li>\n<li><a href=\"http:\/\/fondationenfantjeunesse.org\/s\/FEJ_newsletter_summer_2013.pdf\"><\/a><a href=\"http:\/\/fondationenfantjeunesse.org\/s\/FEJ_newsletter_summer_2013.pdf\" target=\"_blank\" rel=\"noopener\">\u00c9t\u00e9 2013<\/a><\/li>\n<li><a href=\"http:\/\/fondationenfantjeunesse.org\/s\/FEJ_newsletter_summer_2011.pdf\"><\/a><a href=\"http:\/\/fondationenfantjeunesse.org\/s\/FEJ_newsletter_summer_2011.pdf\" target=\"_blank\" rel=\"noopener\">\u00c9t\u00e9 2011<\/a><\/li>\n<li><a href=\"http:\/\/fondationenfantjeunesse.org\/s\/FEJ_newsletter_winter_2011.pdf\"><\/a><a href=\"http:\/\/fondationenfantjeunesse.org\/s\/FEJ_newsletter_winter_2011.pdf\" target=\"_blank\" rel=\"noopener\">Hiver 2011<\/a><\/li>\n<\/ul>\n<p>[\/et_pb_text][\/et_pb_column][\/et_pb_row][\/et_pb_section]<\/p>\n","protected":false},"excerpt":{"rendered":"<p>FEJ-2021 Rapport Annuel FEJ-2020 Rapport Annuel FEJ-2019 Rapport Annuel FEJ-2018 Rapport Annuel FEJ-2017 Rapport Annuel FEJ-2016 Rapport Annuel FEJ-2015 Rapport Annuel FEJ-2014 Rapport Annuel FEJ-2013 Rapport Annuel FEJ-2012 Rapport Annuel Bulletins d&rsquo;information Automne 2019 Hiver\/Printemps 2019 Automne 2018 Printemps 2018 Hiver 2017 \u00c9t\u00e9 2017 Printemps 2017 Hiver 2016 Octobre 2016 &#8211; L&rsquo;ouragan Matthew \u00c9t\u00e9 2016 [&hellip;]<\/p>\n","protected":false},"author":1,"featured_media":0,"parent":0,"menu_order":0,"comment_status":"closed","ping_status":"closed","template":"","meta":{"_et_pb_use_builder":"on","_et_pb_old_content":"","_et_gb_content_width":"","footnotes":""},"class_list":["post-50294","page","type-page","status-publish","hentry"],"_links":{"self":[{"href":"https:\/\/fondationenfantjeunesse.org\/fr\/wp-json\/wp\/v2\/pages\/50294","targetHints":{"allow":["GET"]}}],"collection":[{"href":"https:\/\/fondationenfantjeunesse.org\/fr\/wp-json\/wp\/v2\/pages"}],"about":[{"href":"https:\/\/fondationenfantjeunesse.org\/fr\/wp-json\/wp\/v2\/types\/page"}],"author":[{"embeddable":true,"href":"https:\/\/fondationenfantjeunesse.org\/fr\/wp-json\/wp\/v2\/users\/1"}],"replies":[{"embeddable":true,"href":"https:\/\/fondationenfantjeunesse.org\/fr\/wp-json\/wp\/v2\/comments?post=50294"}],"version-history":[{"count":3,"href":"https:\/\/fondationenfantjeunesse.org\/fr\/wp-json\/wp\/v2\/pages\/50294\/revisions"}],"predecessor-version":[{"id":50477,"href":"https:\/\/fondationenfantjeunesse.org\/fr\/wp-json\/wp\/v2\/pages\/50294\/revisions\/50477"}],"wp:attachment":[{"href":"https:\/\/fondationenfantjeunesse.org\/fr\/wp-json\/wp\/v2\/media?parent=50294"}],"curies":[{"name":"wp","href":"https:\/\/api.w.org\/{rel}","templated":true}]}}