{"id":50305,"date":"2024-02-24T19:51:28","date_gmt":"2024-02-24T19:51:28","guid":{"rendered":"http:\/\/fondationenfantjeunesse.org\/centre-pour-enfants-fej\/"},"modified":"2024-09-03T17:40:19","modified_gmt":"2024-09-03T17:40:19","slug":"centre-pour-enfants-fej","status":"publish","type":"page","link":"https:\/\/fondationenfantjeunesse.org\/fr\/centre-pour-enfants-fej\/","title":{"rendered":"Centre pour enfants FEJ"},"content":{"rendered":"<p>[et_pb_section fb_built=\u00a0\u00bb1&Prime; fullwidth=\u00a0\u00bbon\u00a0\u00bb _builder_version=\u00a0\u00bb4.24.2&Prime; _module_preset=\u00a0\u00bbdefault\u00a0\u00bb background_image=\u00a0\u00bbhttp:\/\/fondationenfantjeunesse.org\/wp-content\/uploads\/fej-children-center-header.png\u00a0\u00bb custom_margin=\u00a0\u00bb||23px|||\u00a0\u00bb custom_padding=\u00a0\u00bb||320px|||\u00a0\u00bb da_disable_devices=\u00a0\u00bboff|off|off\u00a0\u00bb locked=\u00a0\u00bboff\u00a0\u00bb global_colors_info=\u00a0\u00bb{}\u00a0\u00bb da_is_popup=\u00a0\u00bboff\u00a0\u00bb da_exit_intent=\u00a0\u00bboff\u00a0\u00bb da_has_close=\u00a0\u00bbon\u00a0\u00bb da_alt_close=\u00a0\u00bboff\u00a0\u00bb da_dark_close=\u00a0\u00bboff\u00a0\u00bb da_not_modal=\u00a0\u00bbon\u00a0\u00bb da_is_singular=\u00a0\u00bboff\u00a0\u00bb da_with_loader=\u00a0\u00bboff\u00a0\u00bb da_has_shadow=\u00a0\u00bbon\u00a0\u00bb][\/et_pb_section][et_pb_section fb_built=\u00a0\u00bb1&Prime; _builder_version=\u00a0\u00bb4.16&Prime; custom_padding=\u00a0\u00bb0px||0px|||\u00a0\u00bb da_disable_devices=\u00a0\u00bboff|off|off\u00a0\u00bb locked=\u00a0\u00bboff\u00a0\u00bb global_colors_info=\u00a0\u00bb{}\u00a0\u00bb da_is_popup=\u00a0\u00bboff\u00a0\u00bb da_exit_intent=\u00a0\u00bboff\u00a0\u00bb da_has_close=\u00a0\u00bbon\u00a0\u00bb da_alt_close=\u00a0\u00bboff\u00a0\u00bb da_dark_close=\u00a0\u00bboff\u00a0\u00bb da_not_modal=\u00a0\u00bbon\u00a0\u00bb da_is_singular=\u00a0\u00bboff\u00a0\u00bb da_with_loader=\u00a0\u00bboff\u00a0\u00bb da_has_shadow=\u00a0\u00bbon\u00a0\u00bb][et_pb_row column_structure=\u00a0\u00bb3_5,2_5&Prime; make_equal=\u00a0\u00bbon\u00a0\u00bb _builder_version=\u00a0\u00bb4.24.2&Prime; _module_preset=\u00a0\u00bbdefault\u00a0\u00bb global_colors_info=\u00a0\u00bb{}\u00a0\u00bb][et_pb_column type=\u00a0\u00bb3_5&Prime; _builder_version=\u00a0\u00bb4.24.2&Prime; _module_preset=\u00a0\u00bbdefault\u00a0\u00bb custom_css_main_element=\u00a0\u00bbmargin: auto;\u00a0\u00bb global_colors_info=\u00a0\u00bb{}\u00a0\u00bb][et_pb_text _builder_version=\u00a0\u00bb4.24.2&Prime; _module_preset=\u00a0\u00bbdefault\u00a0\u00bb header_font=\u00a0\u00bb|800|||||||\u00a0\u00bb header_text_color=\u00a0\u00bbgcid-1d193fcc-59e1-413d-b644-8a9807acc562&Prime; header_font_size=\u00a0\u00bb40px\u00a0\u00bb custom_margin=\u00a0\u00bb||1px||false|false\u00a0\u00bb locked=\u00a0\u00bboff\u00a0\u00bb global_colors_info=\u00a0\u00bb{%22gcid-1d193fcc-59e1-413d-b644-8a9807acc562%22:%91%22header_text_color%22%93}\u00a0\u00bb]<\/p>\n<h1>Centre pour enfants FEJ<\/h1>\n<p>[\/et_pb_text][et_pb_text _builder_version=\u00a0\u00bb4.24.2&Prime; _module_preset=\u00a0\u00bbdefault\u00a0\u00bb header_font=\u00a0\u00bb|800|||||||\u00a0\u00bb header_font_size=\u00a0\u00bb36px\u00a0\u00bb header_2_font=\u00a0\u00bb|800|||||||\u00a0\u00bb header_2_font_size=\u00a0\u00bb34px\u00a0\u00bb locked=\u00a0\u00bboff\u00a0\u00bb global_colors_info=\u00a0\u00bb{}\u00a0\u00bb]<\/p>\n<h2>Un PHARE DE R\u00c9SILIENCE ET DE DURABILIT\u00c9<\/h2>\n<p>[\/et_pb_text][\/et_pb_column][et_pb_column type=\u00a0\u00bb2_5&Prime; _builder_version=\u00a0\u00bb4.24.2&Prime; _module_preset=\u00a0\u00bbdefault\u00a0\u00bb global_colors_info=\u00a0\u00bb{}\u00a0\u00bb][et_pb_image src=\u00a0\u00bbhttp:\/\/fondationenfantjeunesse.org\/wp-content\/uploads\/fej-new-logo-1.png\u00a0\u00bb title_text=\u00a0\u00bbFEJ+logo+final\u00a0\u00bb align_tablet=\u00a0\u00bbcenter\u00a0\u00bb align_phone=\u00a0\u00bbcenter\u00a0\u00bb align_last_edited=\u00a0\u00bbon|tablet\u00a0\u00bb _builder_version=\u00a0\u00bb4.27.0&Prime; _module_preset=\u00a0\u00bbdefault\u00a0\u00bb width=\u00a0\u00bb100%\u00a0\u00bb width_tablet=\u00a0\u00bb25%\u00a0\u00bb width_phone=\u00a0\u00bb45%\u00a0\u00bb width_last_edited=\u00a0\u00bbon|tablet\u00a0\u00bb hover_enabled=\u00a0\u00bb0&Prime; global_colors_info=\u00a0\u00bb{}\u00a0\u00bb sticky_enabled=\u00a0\u00bb0&Prime;][\/et_pb_image][\/et_pb_column][\/et_pb_row][\/et_pb_section][et_pb_section fb_built=\u00a0\u00bb1&Prime; _builder_version=\u00a0\u00bb4.16&Prime; custom_padding=\u00a0\u00bb0px|||||\u00a0\u00bb da_disable_devices=\u00a0\u00bboff|off|off\u00a0\u00bb global_colors_info=\u00a0\u00bb{}\u00a0\u00bb da_is_popup=\u00a0\u00bboff\u00a0\u00bb da_exit_intent=\u00a0\u00bboff\u00a0\u00bb da_has_close=\u00a0\u00bbon\u00a0\u00bb da_alt_close=\u00a0\u00bboff\u00a0\u00bb da_dark_close=\u00a0\u00bboff\u00a0\u00bb da_not_modal=\u00a0\u00bbon\u00a0\u00bb da_is_singular=\u00a0\u00bboff\u00a0\u00bb da_with_loader=\u00a0\u00bboff\u00a0\u00bb da_has_shadow=\u00a0\u00bbon\u00a0\u00bb][et_pb_row _builder_version=\u00a0\u00bb4.24.2&Prime; _module_preset=\u00a0\u00bbdefault\u00a0\u00bb global_colors_info=\u00a0\u00bb{}\u00a0\u00bb][et_pb_column type=\u00a0\u00bb4_4&Prime; _builder_version=\u00a0\u00bb4.24.2&Prime; _module_preset=\u00a0\u00bbdefault\u00a0\u00bb global_colors_info=\u00a0\u00bb{}\u00a0\u00bb][et_pb_blurb title=\u00a0\u00bbFEJ Global\u00a0\u00bb image=\u00a0\u00bbhttp:\/\/fondationenfantjeunesse.org\/wp-content\/uploads\/world-icon.jpg\u00a0\u00bb icon_placement=\u00a0\u00bbleft\u00a0\u00bb content_max_width=\u00a0\u00bb100%\u00a0\u00bb _builder_version=\u00a0\u00bb4.24.2&Prime; _module_preset=\u00a0\u00bbdefault\u00a0\u00bb header_font=\u00a0\u00bb|800||on|||||\u00a0\u00bb header_text_color=\u00a0\u00bbgcid-1d193fcc-59e1-413d-b644-8a9807acc562&Prime; header_font_size=\u00a0\u00bb34px\u00a0\u00bb body_font=\u00a0\u00bbTimes New Roman||||||||\u00a0\u00bb global_colors_info=\u00a0\u00bb{%22gcid-1d193fcc-59e1-413d-b644-8a9807acc562%22:%91%22header_text_color%22%93}\u00a0\u00bb]<\/p>\n<p>Le Centre pour enfants de la FEJ repr\u00e9sente le summum de l&rsquo;engagement de FEJ Global envers la r\u00e9silience, la durabilit\u00e9 et l&rsquo;autonomisation des communaut\u00e9s face au changement climatique. En tant que phare d&rsquo;espoir en Ha\u00efti, le Centre incarne notre d\u00e9vouement \u00e0 cr\u00e9er des environnements s\u00fbrs, durables et bienveillants pour les plus vuln\u00e9rables. <\/p>\n<p>[\/et_pb_blurb][et_pb_blurb title=\u00a0\u00bbVision et impact du projet\u00a0\u00bb image=\u00a0\u00bbhttp:\/\/fondationenfantjeunesse.org\/wp-content\/uploads\/second-icon.jpg\u00a0\u00bb icon_placement=\u00a0\u00bbleft\u00a0\u00bb content_max_width=\u00a0\u00bb100%\u00a0\u00bb _builder_version=\u00a0\u00bb4.24.2&Prime; _module_preset=\u00a0\u00bbdefault\u00a0\u00bb header_font=\u00a0\u00bb|800||on|||||\u00a0\u00bb header_text_color=\u00a0\u00bb#e02b20&Prime; header_font_size=\u00a0\u00bb34px\u00a0\u00bb body_font=\u00a0\u00bbTimes New Roman||||||||\u00a0\u00bb global_colors_info=\u00a0\u00bb{}\u00a0\u00bb]<\/p>\n<p>Situ\u00e9 au c\u0153ur de Port-au-Prince, le Centre pour enfants de la FEJ n&rsquo;est pas simplement une structure, mais un mod\u00e8le de conception innovante, r\u00e9siliente et durable. Con\u00e7u \u00e0 la suite de catastrophes naturelles d\u00e9vastatrices, il se dresse comme un t\u00e9moignage de l&rsquo;esprit indomptable du peuple ha\u00eftien et de l&rsquo;engagement de la FEJ envers les principes du d\u00e9veloppement durable. <\/p>\n<p>[\/et_pb_blurb][\/et_pb_column][\/et_pb_row][et_pb_row column_structure=\u00a0\u00bb2_3,1_3&Prime; use_custom_gutter=\u00a0\u00bbon\u00a0\u00bb gutter_width=\u00a0\u00bb2&Prime; _builder_version=\u00a0\u00bb4.24.2&Prime; _module_preset=\u00a0\u00bbdefault\u00a0\u00bb custom_padding=\u00a0\u00bb0px||0px|||\u00a0\u00bb global_colors_info=\u00a0\u00bb{}\u00a0\u00bb][et_pb_column type=\u00a0\u00bb2_3&Prime; _builder_version=\u00a0\u00bb4.24.2&Prime; _module_preset=\u00a0\u00bbdefault\u00a0\u00bb global_colors_info=\u00a0\u00bb{}\u00a0\u00bb][et_pb_blurb title=\u00a0\u00bbConception et durabilit\u00e9\u00a0\u00bb image=\u00a0\u00bbhttp:\/\/fondationenfantjeunesse.org\/wp-content\/uploads\/third-icons.jpg\u00a0\u00bb icon_placement=\u00a0\u00bbleft\u00a0\u00bb content_max_width=\u00a0\u00bb100%\u00a0\u00bb _builder_version=\u00a0\u00bb4.24.2&Prime; _module_preset=\u00a0\u00bbdefault\u00a0\u00bb header_font=\u00a0\u00bb|800||on|||||\u00a0\u00bb header_text_color=\u00a0\u00bb#e02b20&Prime; header_font_size=\u00a0\u00bb34px\u00a0\u00bb body_font=\u00a0\u00bbTimes New Roman||||||||\u00a0\u00bb body_ul_font_size=\u00a0\u00bb16px\u00a0\u00bb custom_margin=\u00a0\u00bb||2px|||\u00a0\u00bb global_colors_info=\u00a0\u00bb{}\u00a0\u00bb]<\/p>\n<p>Le Centre est con\u00e7u selon les normes certifi\u00e9es LEED Platinum et WELL, d\u00e9montrant la faisabilit\u00e9 de construire des b\u00e2timents r\u00e9silients et durables dans des environnements difficiles. Les caract\u00e9ristiques principales incluent : <\/p>\n<ul>\n<li><strong>\u00c9nergie nette z\u00e9ro et utilisation de l&rsquo;eau<\/strong> : exploiter l&rsquo;\u00e9nergie solaire et la collecte des eaux de pluie pour atteindre l&rsquo;ind\u00e9pendance vis-\u00e0-vis du r\u00e9seau.<\/li>\n<li><strong>Structure R\u00e9siliente<\/strong> : Con\u00e7ue pour r\u00e9sister aux \u00e9v\u00e9nements sismiques, aux ouragans et aux inondations, garantissant la continuit\u00e9 des op\u00e9rations en cas de crise.<\/li>\n<li><strong>Lifeline Communautaire<\/strong> : Servir de refuge et de centre de ressources pour la communaut\u00e9 en cas de catastrophe.<\/li>\n<\/ul>\n<p>[\/et_pb_blurb][et_pb_blurb title=\u00a0\u00bbImpact communautaire et \u00e9ducatif\u00a0\u00bb image=\u00a0\u00bbhttp:\/\/fondationenfantjeunesse.org\/wp-content\/uploads\/fourth-icon.jpg\u00a0\u00bb icon_placement=\u00a0\u00bbleft\u00a0\u00bb content_max_width=\u00a0\u00bb100%\u00a0\u00bb _builder_version=\u00a0\u00bb4.24.2&Prime; _module_preset=\u00a0\u00bbdefault\u00a0\u00bb header_font=\u00a0\u00bb|800||on|||||\u00a0\u00bb header_text_color=\u00a0\u00bb#e02b20&Prime; header_font_size=\u00a0\u00bb34px\u00a0\u00bb body_font=\u00a0\u00bbTimes New Roman||||||||\u00a0\u00bb body_ul_font_size=\u00a0\u00bb16px\u00a0\u00bb global_colors_info=\u00a0\u00bb{}\u00a0\u00bb]<\/p>\n<p>Le Centre pour enfants de la FEJ est plus qu&rsquo;un b\u00e2timent ; c&rsquo;est un atout communautaire essentiel offrant \u00e9ducation, soins de sant\u00e9 et refuge s\u00fbr pour les enfants. Il repr\u00e9sente une approche holistique du d\u00e9veloppement communautaire, int\u00e9grant : <\/p>\n<ul>\n<li><strong>\u00c9ducation et Sant\u00e9<\/strong> : Offrir des services d&rsquo;\u00e9ducation primaire et de soins de sant\u00e9, y compris une petite clinique pour les besoins m\u00e9dicaux.<\/li>\n<li><strong>Soutien Nutritionnel <\/strong>: Int\u00e9gration de programmes nutritionnels pour assurer le bien-\u00eatre des enfants et des familles.<\/li>\n<li><strong>\u00c9ducation Environnementale<\/strong> : Sensibiliser la communaut\u00e9 aux pratiques de durabilit\u00e9, \u00e0 l&rsquo;hygi\u00e8ne et \u00e0 l&rsquo;importance de l&rsquo;eau potable.<\/li>\n<\/ul>\n<p>[\/et_pb_blurb][\/et_pb_column][et_pb_column type=\u00a0\u00bb1_3&Prime; _builder_version=\u00a0\u00bb4.24.2&Prime; _module_preset=\u00a0\u00bbdefault\u00a0\u00bb global_colors_info=\u00a0\u00bb{}\u00a0\u00bb][et_pb_image src=\u00a0\u00bbhttp:\/\/fondationenfantjeunesse.org\/wp-content\/uploads\/fej-children-center-image-1.png\u00a0\u00bb title_text=\u00a0\u00bbfej-children-center-image-1&Prime; align=\u00a0\u00bbcenter\u00a0\u00bb _builder_version=\u00a0\u00bb4.24.2&Prime; _module_preset=\u00a0\u00bbdefault\u00a0\u00bb width=\u00a0\u00bb75%\u00a0\u00bb width_tablet=\u00a0\u00bb30%\u00a0\u00bb width_phone=\u00a0\u00bb30%\u00a0\u00bb width_last_edited=\u00a0\u00bbon|tablet\u00a0\u00bb custom_margin=\u00a0\u00bb||||false|false\u00a0\u00bb custom_margin_tablet=\u00a0\u00bb||5vw||false|false\u00a0\u00bb custom_margin_phone=\u00a0\u00bb||5vw||false|false\u00a0\u00bb custom_margin_last_edited=\u00a0\u00bbon|tablet\u00a0\u00bb global_colors_info=\u00a0\u00bb{}\u00a0\u00bb][\/et_pb_image][\/et_pb_column][\/et_pb_row][et_pb_row _builder_version=\u00a0\u00bb4.24.2&Prime; _module_preset=\u00a0\u00bbdefault\u00a0\u00bb custom_padding=\u00a0\u00bb0px|||||\u00a0\u00bb global_colors_info=\u00a0\u00bb{}\u00a0\u00bb][et_pb_column type=\u00a0\u00bb4_4&Prime; _builder_version=\u00a0\u00bb4.24.2&Prime; _module_preset=\u00a0\u00bbdefault\u00a0\u00bb global_colors_info=\u00a0\u00bb{}\u00a0\u00bb][et_pb_blurb title=\u00a0\u00bbUn mod\u00e8le pour l&rsquo;avenir\u00a0\u00bb image=\u00a0\u00bbhttp:\/\/fondationenfantjeunesse.org\/wp-content\/uploads\/fifth-icons.jpg\u00a0\u00bb icon_placement=\u00a0\u00bbleft\u00a0\u00bb content_max_width=\u00a0\u00bb100%\u00a0\u00bb _builder_version=\u00a0\u00bb4.24.2&Prime; _module_preset=\u00a0\u00bbdefault\u00a0\u00bb header_font=\u00a0\u00bb|800||on|||||\u00a0\u00bb header_text_color=\u00a0\u00bb#e02b20&Prime; header_font_size=\u00a0\u00bb34px\u00a0\u00bb body_font=\u00a0\u00bbTimes New Roman||||||||\u00a0\u00bb body_ul_font_size=\u00a0\u00bb16px\u00a0\u00bb custom_margin=\u00a0\u00bb||2px|||\u00a0\u00bb global_colors_info=\u00a0\u00bb{}\u00a0\u00bb]<\/p>\n<p>Le Centre pour enfants de la FEJ sert de mod\u00e8le \u00e9volutif pour une construction r\u00e9siliente et durable en Ha\u00efti et au-del\u00e0. Il d\u00e9montre qu&rsquo;avec un design innovant et un engagement en faveur de la durabilit\u00e9, il est possible de construire des structures qui non seulement r\u00e9sistent aux catastrophes naturelles, mais apportent \u00e9galement des b\u00e9n\u00e9fices continus \u00e0 la communaut\u00e9. <\/p>\n<p>[\/et_pb_blurb][\/et_pb_column][\/et_pb_row][\/et_pb_section]<\/p>\n","protected":false},"excerpt":{"rendered":"<p>Centre pour enfants FEJUn PHARE DE R\u00c9SILIENCE ET DE DURABILIT\u00c9Le Centre pour enfants de la FEJ repr\u00e9sente le summum de l&rsquo;engagement de FEJ Global envers la r\u00e9silience, la durabilit\u00e9 et l&rsquo;autonomisation des communaut\u00e9s face au changement climatique. En tant que phare d&rsquo;espoir en Ha\u00efti, le Centre incarne notre d\u00e9vouement \u00e0 cr\u00e9er des environnements s\u00fbrs, durables [&hellip;]<\/p>\n","protected":false},"author":1,"featured_media":0,"parent":0,"menu_order":0,"comment_status":"closed","ping_status":"closed","template":"","meta":{"_et_pb_use_builder":"on","_et_pb_old_content":"","_et_gb_content_width":"","footnotes":""},"class_list":["post-50305","page","type-page","status-publish","hentry"],"_links":{"self":[{"href":"https:\/\/fondationenfantjeunesse.org\/fr\/wp-json\/wp\/v2\/pages\/50305","targetHints":{"allow":["GET"]}}],"collection":[{"href":"https:\/\/fondationenfantjeunesse.org\/fr\/wp-json\/wp\/v2\/pages"}],"about":[{"href":"https:\/\/fondationenfantjeunesse.org\/fr\/wp-json\/wp\/v2\/types\/page"}],"author":[{"embeddable":true,"href":"https:\/\/fondationenfantjeunesse.org\/fr\/wp-json\/wp\/v2\/users\/1"}],"replies":[{"embeddable":true,"href":"https:\/\/fondationenfantjeunesse.org\/fr\/wp-json\/wp\/v2\/comments?post=50305"}],"version-history":[{"count":1,"href":"https:\/\/fondationenfantjeunesse.org\/fr\/wp-json\/wp\/v2\/pages\/50305\/revisions"}],"predecessor-version":[{"id":50411,"href":"https:\/\/fondationenfantjeunesse.org\/fr\/wp-json\/wp\/v2\/pages\/50305\/revisions\/50411"}],"wp:attachment":[{"href":"https:\/\/fondationenfantjeunesse.org\/fr\/wp-json\/wp\/v2\/media?parent=50305"}],"curies":[{"name":"wp","href":"https:\/\/api.w.org\/{rel}","templated":true}]}}