{"id":50307,"date":"2022-03-23T15:59:50","date_gmt":"2022-03-23T15:59:50","guid":{"rendered":"http:\/\/fondationenfantjeunesse.org\/fej-usa\/"},"modified":"2022-03-23T15:59:50","modified_gmt":"2022-03-23T15:59:50","slug":"fej-usa","status":"publish","type":"page","link":"https:\/\/fondationenfantjeunesse.org\/fr\/fej-usa\/","title":{"rendered":"FEJ-USA"},"content":{"rendered":"<div id=\"yui_3_17_2_1_1648050981683_373\" class=\"row sqs-row\">\n<div id=\"yui_3_17_2_1_1648050981683_372\" class=\"col sqs-col-8 span-8\">\n<div id=\"block-yui_3_17_2_7_1484657830538_7125\" class=\"sqs-block image-block sqs-block-image sqs-text-ready\" data-block-type=\"5\">\n<div id=\"yui_3_17_2_1_1648050981683_371\" class=\"sqs-block-content\">\n<div id=\"yui_3_17_2_1_1648050981683_370\" class=\" image-block-outer-wrapper layout-caption-below design-layout-inline combination-animation-none individual-animation-none individual-text-animation-none \" data-test=\"image-block-inline-outer-wrapper\">\n<figure id=\"yui_3_17_2_1_1648050981683_369\" class=\" sqs-block-image-figure intrinsic \">\n<div id=\"yui_3_17_2_1_1648050981683_368\" class=\"image-block-wrapper\" data-animation-role=\"image\">\n<div id=\"yui_3_17_2_1_1648050981683_367\" class=\"sqs-image-shape-container-element has-aspect-ratio \"><img decoding=\"async\" class=\"thumb-image loaded\" src=\"https:\/\/images.squarespace-cdn.com\/content\/v1\/58780e8629687f928d2d2547\/1484685188774-8CAI8PZ6M7YELBKEXOP9\/image-asset.png?format=500w\" alt=\"\" data-src=\"https:\/\/images.squarespace-cdn.com\/content\/v1\/58780e8629687f928d2d2547\/1484685188774-8CAI8PZ6M7YELBKEXOP9\/image-asset.png\" data-image=\"https:\/\/images.squarespace-cdn.com\/content\/v1\/58780e8629687f928d2d2547\/1484685188774-8CAI8PZ6M7YELBKEXOP9\/image-asset.png\" data-image-dimensions=\"428x268\" data-image-focal-point=\"0.5,0.5\" data-load=\"false\" data-image-id=\"587e7f84d2b857ca4493c23f\" data-type=\"image\" data-image-resolution=\"500w\"><\/div>\n<\/div>\n<\/figure>\n<\/div>\n<\/div>\n<\/div>\n<\/div>\n<div class=\"col sqs-col-4 span-4\">\n<div id=\"block-yui_3_17_2_1_1643724198046_5582\" class=\"sqs-block button-block sqs-block-button\" data-block-type=\"53\">\n<div id=\"yui_3_17_2_1_1648050981683_412\" class=\"sqs-block-content\">\n<div id=\"yui_3_17_2_1_1648050981683_411\" class=\"sqs-block-button-container sqs-block-button-container--center\" data-animation-role=\"button\" data-alignment=\"center\" data-button-size=\"medium\" data-button-type=\"primary\"><\/div>\n<\/div>\n<\/div>\n<\/div>\n<\/div>\n<div id=\"block-620d867d3c77e66eb8d0\" class=\"sqs-block html-block sqs-block-html\" data-block-type=\"2\">\n<div id=\"yui_3_17_2_1_1648050981683_641\" class=\"sqs-block-content\">\n<p class=\"\">FEJ-USA est une organisation \u00e0 but non lucratif bas\u00e9e aux \u00c9tats-Unis, g\u00e9r\u00e9e par des citoyens am\u00e9ricains soucieux de contribuer \u00e0 mettre fin au cycle de la pauvret\u00e9 en Ha\u00efti. En collaboration avec la Fondation Enfant Jeunesse, nous offrons un soutien logistique, b\u00e9n\u00e9vole et financier pour assurer l&rsquo;\u00e9ducation, les soins de sant\u00e9 et le d\u00e9veloppement communautaire dans les r\u00e9gions pauvres d&rsquo;Ha\u00efti.<\/p>\n<p>  FEJ-USA a le statut de 501(c)(3) et est enregistr\u00e9e dans l&rsquo;\u00c9tat de Caroline du Nord. Notre num\u00e9ro d&rsquo;identification fiscale est le suivant : 20-5525662  <\/p>\n<p class=\"\">Cliquez <a href=\"https:\/\/joscha-sisnowski-nxht.squarespace.com\/fej-usaboard\">ici<\/a> pour conna\u00eetre notre conseil d&rsquo;administration actuel.<\/p>\n<p class=\"\"><a href=\"http:\/\/fondationenfantjeunesse.org\/wp-content\/uploads\/FEJ-USA_2022_PUBLIC-DISCLOSURE-COPY.pdf\" target=\"_blank\" rel=\"noopener\">Cliquez ici pour consulter notre formulaire 990 le plus r\u00e9cent d\u00e9pos\u00e9 aupr\u00e8s de l&rsquo;IRS.<\/a><\/p>\n<p class=\"\">Des copies de notre lettre de d\u00e9termination d&rsquo;exon\u00e9ration fiscale de l&rsquo;IRS, de nos statuts, de nos articles d&rsquo;incorporation et des formulaires 990 des ann\u00e9es fiscales pr\u00e9c\u00e9dentes sont disponibles sur demande. Veuillez noter que nous avons \u00e9t\u00e9 cr\u00e9\u00e9s \u00e0 l&rsquo;origine sous le nom de \u00ab\u00a0Village of Vision for Haiti Foundation\u00a0\u00bb.<\/p>\n<\/div>\n<p><a href=\"https:\/\/www.guidestar.org\/profile\/shared\/843e845a-6279-4618-9301-0abe3bbd5c59\" target=\"_blank\" rel=\"noopener\"><img decoding=\"async\" class=\"aligncenter\" src=\"https:\/\/widgets.guidestar.org\/TransparencySeal\/8589813\"><\/a><\/p>\n<\/div>\n","protected":false},"excerpt":{"rendered":"<p>FEJ-USA est une organisation \u00e0 but non lucratif bas\u00e9e aux \u00c9tats-Unis, g\u00e9r\u00e9e par des citoyens am\u00e9ricains soucieux de contribuer \u00e0 mettre fin au cycle de la pauvret\u00e9 en Ha\u00efti. En collaboration avec la Fondation Enfant Jeunesse, nous offrons un soutien logistique, b\u00e9n\u00e9vole et financier pour assurer l&rsquo;\u00e9ducation, les soins de sant\u00e9 et le d\u00e9veloppement communautaire [&hellip;]<\/p>\n","protected":false},"author":2,"featured_media":0,"parent":0,"menu_order":0,"comment_status":"closed","ping_status":"closed","template":"","meta":{"_et_pb_use_builder":"off","_et_pb_old_content":"","_et_gb_content_width":"","footnotes":""},"class_list":["post-50307","page","type-page","status-publish","hentry"],"_links":{"self":[{"href":"https:\/\/fondationenfantjeunesse.org\/fr\/wp-json\/wp\/v2\/pages\/50307","targetHints":{"allow":["GET"]}}],"collection":[{"href":"https:\/\/fondationenfantjeunesse.org\/fr\/wp-json\/wp\/v2\/pages"}],"about":[{"href":"https:\/\/fondationenfantjeunesse.org\/fr\/wp-json\/wp\/v2\/types\/page"}],"author":[{"embeddable":true,"href":"https:\/\/fondationenfantjeunesse.org\/fr\/wp-json\/wp\/v2\/users\/2"}],"replies":[{"embeddable":true,"href":"https:\/\/fondationenfantjeunesse.org\/fr\/wp-json\/wp\/v2\/comments?post=50307"}],"version-history":[{"count":0,"href":"https:\/\/fondationenfantjeunesse.org\/fr\/wp-json\/wp\/v2\/pages\/50307\/revisions"}],"wp:attachment":[{"href":"https:\/\/fondationenfantjeunesse.org\/fr\/wp-json\/wp\/v2\/media?parent=50307"}],"curies":[{"name":"wp","href":"https:\/\/api.w.org\/{rel}","templated":true}]}}